{"id":343,"date":"2012-01-01T11:43:59","date_gmt":"2012-01-01T10:43:59","guid":{"rendered":"http:\/\/fotovasicek.cz\/?page_id=343"},"modified":"2013-04-29T23:31:15","modified_gmt":"2013-04-29T22:31:15","slug":"darkove-poukazy","status":"publish","type":"page","link":"https:\/\/fotovasicek.cz\/","title":{"rendered":"Maty\u00e1\u0161 Va\u0161\u00ed\u010dek"},"content":{"rendered":"<p style=\"text-align: center;\"><span style=\"font-size: medium;\">Jmenuji se Maty\u00e1\u0161 Va\u0161\u00ed\u010dek, ale kamar\u00e1di mi \u0159\u00edkaj\u00ed Pu\u010dmelounek. <\/span><br \/><span style=\"font-size: medium;\"><span style=\"color: #ff0000;\"><strong>20.09.2012<\/strong><\/span> jsem se vyloupl z mamin\u010dina b\u0159\u00ed\u0161ka a to v <span style=\"color: #ff0000;\"><strong>8:07 hodin<\/strong><\/span>, v\u00e1\u017eil jsem <span style=\"color: #ff0000;\"><strong>3,465 kg<\/strong><\/span> a m\u011b\u0159il <span style=\"color: #ff0000;\"><strong>50 cm<\/strong><\/span>. <\/span><br \/><span style=\"font-size: medium;\">Ne\u017e-li m\u011b pozn\u00e1te osobn\u011b, ale i pot\u00e9 .. bych se V\u00e1m r\u00e1d uk\u00e1zal na fotk\u00e1ch ve v\u0161ech mo\u017en\u00fdch situac\u00edch.<\/span><br \/><span style=\"font-size: medium;\">Dal\u0161\u00ed ur\u010dit\u011b postupn\u011b \u010dasem budou p\u0159ib\u00fdvat. Tat\u00ednek m\u011b toti\u017e moc r\u00e1d fot\u00ed.<\/span><br \/><span style=\"font-size: medium;\">Pokud budete cht\u00edt m\u016f\u017eete se se mnou zkamar\u00e1dit i na facebooku pod jm\u00e9nem <a href=\"http:\/\/www.facebook.com\/matyas.vasicek.31\" target=\"_blank\"><strong>Maty\u00e1\u0161 Va\u0161\u00ed\u010dek<br \/><\/strong><\/a>Jak jsem se postupn\u011b vyv\u00edjel a ostatn\u00ed zaj\u00edmavosti najdete n\u00ed\u017ee \ud83d\ude06<\/span><\/p>\n<p><span style=\"font-size: medium;\">\u00a0<\/span><\/p>\n<p style=\"text-align: left;\"><span style=\"font-size: medium;\"><strong><span style=\"text-decoration: underline;\">Jm\u00e9no<\/span>:\u00a0\u00a0\u00a0\u00a0\u00a0\u00a0\u00a0\u00a0\u00a0\u00a0\u00a0\u00a0\u00a0\u00a0 <br \/><\/strong>Maty\u00e1\u0161 Va\u0161\u00ed\u010dek<\/span><br \/><span style=\"font-size: medium;\"><strong><span style=\"text-decoration: underline;\">P\u0159ezd\u00edvka<\/span>:\u00a0\u00a0\u00a0\u00a0\u00a0\u00a0\u00a0\u00a0\u00a0\u00a0 <br \/><\/strong>Pu\u010dmelounek<\/span><br \/><span style=\"font-size: medium;\"><strong><span style=\"text-decoration: underline;\">Datum narozen\u00ed<\/span>:<\/strong>\u00a0\u00a0\u00a0\u00a0\u00a0\u00a0\u00a0\u00a0 \u00a0 <\/span><br \/><span style=\"font-size: medium;\">20.09.2012 &#8211; 8:07<\/span><br \/><span style=\"font-size: medium;\"><strong><span style=\"text-decoration: underline;\">V\u011bk<\/span>:<\/strong>\u00a0\u00a0\u00a0\u00a0\u00a0\u00a0\u00a0\u00a0\u00a0\u00a0\u00a0\u00a0\u00a0\u00a0\u00a0\u00a0\u00a0\u00a0\u00a0\u00a0\u00a0\u00a0\u00a0\u00a0\u00a0\u00a0\u00a0\u00a0\u00a0\u00a0\u00a0\u00a0\u00a0\u00a0\u00a0\u00a0\u00a0\u00a0 <\/span><br \/><span style=\"font-size: medium;\">O let<\/span><br \/><span style=\"font-size: medium;\"><strong><span style=\"text-decoration: underline;\">Pohlav\u00ed<\/span>:<\/strong>\u00a0\u00a0\u00a0\u00a0\u00a0\u00a0\u00a0\u00a0\u00a0\u00a0\u00a0\u00a0\u00a0\u00a0\u00a0\u00a0\u00a0\u00a0\u00a0\u00a0\u00a0\u00a0\u00a0\u00a0\u00a0\u00a0\u00a0\u00a0\u00a0\u00a0 <\/span><br \/><span style=\"font-size: medium;\">mu\u017e<\/span><br \/><span style=\"font-size: medium;\"><strong><span style=\"text-decoration: underline;\">Obl\u00edben\u00e9 hra\u010dky<\/span>:<\/strong>\u00a0\u00a0\u00a0\u00a0\u00a0\u00a0\u00a0\u00a0\u00a0\u00a0\u00a0 <\/span><br \/><span style=\"font-size: medium;\">hrac\u00ed, rachtaj\u00edc\u00ed, hraj\u00edc\u00ed, \u017eirafy, hro\u0161\u00edci a v\u0161e barevn\u00e9<\/span><br \/><span style=\"font-size: medium;\"><strong><span style=\"text-decoration: underline;\">Obl\u00edben\u00e1 barva<\/span>:<\/strong>\u00a0\u00a0\u00a0\u00a0\u00a0\u00a0\u00a0\u00a0\u00a0\u00a0\u00a0\u00a0\u00a0 <\/span><br \/><span style=\"font-size: medium;\">modr\u00e1, b\u00edl\u00e1<\/span><\/p>\n<p><span style=\"color: #ff0000;\"><strong><span style=\"text-decoration: underline;\"><br \/><\/span><span style=\"font-size: medium;\">Focen\u00ed s maminkou<\/span><span style=\"font-size: medium;\"><br \/><\/span><\/strong><span style=\"font-size: medium; color: #000000;\">ngg_shortcode_0_placeholder<\/span><strong><\/strong><\/span><\/p>\n<p><strong><br \/><span style=\"font-size: medium; color: #ff0000;\">U babi\u010dky<\/span><\/strong><br \/><span style=\"font-size: medium;\">ngg_shortcode_1_placeholder<\/span><br \/><span style=\"color: #ff0000; font-size: medium;\">\u00a0<br \/><strong><a href=\"wp-content\/gallery\/doma-a-venku\"><span style=\"color: #ff0000;\">Doma i venku<\/span><\/a><\/strong><\/span><br \/><span style=\"font-size: medium;\">ngg_shortcode_2_placeholder<\/span><\/p>\n<p><span style=\"font-size: medium; color: #ff0000;\"><strong>Cesta z porodnice a m\u00e9 prvn\u00ed haj\u00e1n\u00ed v ko\u0161\u00edku:-)<\/strong><\/span><br \/><span style=\"font-size: medium;\">ngg_shortcode_3_placeholder<\/span><\/p>\n<p><span style=\"color: #ff0000; font-size: medium;\"><strong>M\u00e9 narozen\u00ed<\/strong><strong><\/strong><\/span><br \/><span style=\"font-size: medium;\">ngg_shortcode_4_placeholder<\/span><\/p>\n<p><span style=\"font-size: medium;\"><strong><span style=\"color: #ff0000;\">Jak se mi \u017eije v b\u0159\u00ed\u0161ku<\/span> (video)<\/strong><\/span><br \/><span style=\"font-size: small;\">Jak se mi \u017eije a jak se vyvaluji v mamin\u010din\u011b b\u0159\u00ed\u0161ku ve 30.- 31. t\u00fddnu ve<strong> 3D<\/strong> naleznete<span style=\"color: #0000ff;\"><strong> <a href=\"http:\/\/fotovasicek.cz\/wp-content\/uploads\/2012\/09\/VIDEO_TS-Vysok\u00e1-kvalita-a-velikost1-N\u00edzk\u00e1-kvalita-a-mal\u00e1-velikost.avi\"><span style=\"color: #0000ff;\">zde<\/span><\/a><\/strong><\/span><\/span><\/p>\n<p><span style=\"color: #ff0000; font-size: medium;\"><strong>U maminky v b\u0159\u00ed\u0161ku<\/strong><\/span><span style=\"text-decoration: underline;\"><br \/><\/span><span style=\"font-size: small;\">Na t\u011bchto fotk\u00e1ch m\u016f\u017eete vid\u011bt, jak se mi bydl\u00ed u maminky v b\u0159\u00ed\u0161ku 14 dn\u00ed p\u0159ed m\u00fdm planovan\u00fdm narozen\u00edm. (Brzy zde najdete mnoho dal\u0161\u00edch fotek)<\/span><br \/>ngg_shortcode_5_placeholder<\/p>\n<p><span style=\"color: #ff0000; font-size: medium;\"><strong>M\u016fj \u017eivot v b\u0159\u00ed\u0161ku<\/strong><\/span><br \/><span style=\"font-size: medium;\">ngg_shortcode_6_placeholder<\/span><\/p>\n","protected":false},"excerpt":{"rendered":"<p>Jmenuji se Maty\u00e1\u0161 Va\u0161\u00ed\u010dek, ale kamar\u00e1di mi \u0159\u00edkaj\u00ed Pu\u010dmelounek. 20.09.2012 jsem se vyloupl z mamin\u010dina b\u0159\u00ed\u0161ka a to v 8:07 hodin, v\u00e1\u017eil jsem 3,465 kg a m\u011b\u0159il 50 cm. Ne\u017e-li m\u011b pozn\u00e1te osobn\u011b, ale i pot\u00e9 .. bych se V\u00e1m r\u00e1d uk\u00e1zal na fotk\u00e1ch ve v\u0161ech mo\u017en\u00fdch situac\u00edch.Dal\u0161\u00ed ur\u010dit\u011b postupn\u011b \u010dasem budou p\u0159ib\u00fdvat. Tat\u00ednek m\u011b [&hellip;]<\/p>\n","protected":false},"author":2,"featured_media":0,"parent":0,"menu_order":0,"comment_status":"closed","ping_status":"closed","template":"","meta":{"ngg_post_thumbnail":0,"footnotes":""},"class_list":["post-343","page","type-page","status-publish","hentry"],"_links":{"self":[{"href":"https:\/\/fotovasicek.cz\/index.php?rest_route=\/wp\/v2\/pages\/343","targetHints":{"allow":["GET"]}}],"collection":[{"href":"https:\/\/fotovasicek.cz\/index.php?rest_route=\/wp\/v2\/pages"}],"about":[{"href":"https:\/\/fotovasicek.cz\/index.php?rest_route=\/wp\/v2\/types\/page"}],"author":[{"embeddable":true,"href":"https:\/\/fotovasicek.cz\/index.php?rest_route=\/wp\/v2\/users\/2"}],"replies":[{"embeddable":true,"href":"https:\/\/fotovasicek.cz\/index.php?rest_route=%2Fwp%2Fv2%2Fcomments&post=343"}],"version-history":[{"count":101,"href":"https:\/\/fotovasicek.cz\/index.php?rest_route=\/wp\/v2\/pages\/343\/revisions"}],"predecessor-version":[{"id":346,"href":"https:\/\/fotovasicek.cz\/index.php?rest_route=\/wp\/v2\/pages\/343\/revisions\/346"}],"wp:attachment":[{"href":"https:\/\/fotovasicek.cz\/index.php?rest_route=%2Fwp%2Fv2%2Fmedia&parent=343"}],"curies":[{"name":"wp","href":"https:\/\/api.w.org\/{rel}","templated":true}]}}