{"id":706,"date":"2012-10-13T21:21:34","date_gmt":"2012-10-13T20:21:34","guid":{"rendered":"http:\/\/fotovasicek.cz\/?page_id=706"},"modified":"2012-10-13T21:22:14","modified_gmt":"2012-10-13T20:22:14","slug":"jak-se-mi-zije-v-brisku-video","status":"publish","type":"page","link":"https:\/\/fotovasicek.cz\/?page_id=706","title":{"rendered":"Jak se mi \u017eije v b\u0159\u00ed\u0161ku"},"content":{"rendered":"<p>Jak se mi \u017eije a jak se vyvaluji v mamin\u010din\u011b b\u0159\u00ed\u0161ku ve 30.- 31. t\u00fddnu ve<strong> 3D<\/strong> naleznete<strong> <a href=\"http:\/\/fotovasicek.cz\/wp-content\/uploads\/2012\/09\/VIDEO_TS-Vysok\u00e1-kvalita-a-velikost1-N\u00edzk\u00e1-kvalita-a-mal\u00e1-velikost.avi\">zde<\/a><\/strong><\/p>\n","protected":false},"excerpt":{"rendered":"<p>Jak se mi \u017eije a jak se vyvaluji v mamin\u010din\u011b b\u0159\u00ed\u0161ku ve 30.- 31. t\u00fddnu ve 3D naleznete zde<\/p>\n","protected":false},"author":2,"featured_media":0,"parent":0,"menu_order":0,"comment_status":"closed","ping_status":"closed","template":"","meta":{"ngg_post_thumbnail":0,"footnotes":""},"class_list":["post-706","page","type-page","status-publish","hentry"],"_links":{"self":[{"href":"https:\/\/fotovasicek.cz\/index.php?rest_route=\/wp\/v2\/pages\/706","targetHints":{"allow":["GET"]}}],"collection":[{"href":"https:\/\/fotovasicek.cz\/index.php?rest_route=\/wp\/v2\/pages"}],"about":[{"href":"https:\/\/fotovasicek.cz\/index.php?rest_route=\/wp\/v2\/types\/page"}],"author":[{"embeddable":true,"href":"https:\/\/fotovasicek.cz\/index.php?rest_route=\/wp\/v2\/users\/2"}],"replies":[{"embeddable":true,"href":"https:\/\/fotovasicek.cz\/index.php?rest_route=%2Fwp%2Fv2%2Fcomments&post=706"}],"version-history":[{"count":2,"href":"https:\/\/fotovasicek.cz\/index.php?rest_route=\/wp\/v2\/pages\/706\/revisions"}],"predecessor-version":[{"id":708,"href":"https:\/\/fotovasicek.cz\/index.php?rest_route=\/wp\/v2\/pages\/706\/revisions\/708"}],"wp:attachment":[{"href":"https:\/\/fotovasicek.cz\/index.php?rest_route=%2Fwp%2Fv2%2Fmedia&parent=706"}],"curies":[{"name":"wp","href":"https:\/\/api.w.org\/{rel}","templated":true}]}}